{"id":3,"date":"2019-09-06T18:08:39","date_gmt":"2019-09-06T16:08:39","guid":{"rendered":"https:\/\/fortyindustries.com\/?page_id=3"},"modified":"2024-01-03T15:47:10","modified_gmt":"2024-01-03T14:47:10","slug":"privacy-policy","status":"publish","type":"page","link":"https:\/\/fortyindustries.com\/es\/privacy-policy\/","title":{"rendered":"Pol\u00edtica de privacidad"},"content":{"rendered":"<div id=\"cmsmasters_row_\" class=\"cmsmasters_row cmsmasters_color_scheme_default cmsmasters_row_top_default cmsmasters_row_bot_default cmsmasters_row_boxed\">\n<div class=\"cmsmasters_row_outer_parent\">\n<div class=\"cmsmasters_row_outer\">\n<div class=\"cmsmasters_row_inner\">\n<div class=\"cmsmasters_row_margin\">\n<div id=\"cmsmasters_column_\" class=\"cmsmasters_column one_first\">\n<div class=\"cmsmasters_column_inner\"><div class=\"cmsmasters_text\">\n<div class=\"policy\">\n<div class=\"container\">\n<div class=\"row\">\n<div class=\"col-md-12\">\n<div class=\"content\">\n<p>Fecha: October 03, 2019<\/p>\n<p>Forty Industries (\u00abnosotros\u00bb, \u00abnosotros\u00bb o \u00abnuestro\u00bb) opera el sitio web www.fortyindustries.com (el \u00abServicio\u00bb).<\/p>\n<p>Esta p\u00e1gina le informa sobre nuestras pol\u00edticas con respecto a la recopilaci\u00f3n, el uso y la divulgaci\u00f3n de datos personales cuando utiliza nuestro Servicio y las opciones que tiene asociadas con esos datos.<\/p>\n<p>Utilizamos sus datos para proporcionar y mejorar el Servicio. Al utilizar el Servicio, usted acepta la recopilaci\u00f3n y el uso de informaci\u00f3n de acuerdo con esta pol\u00edtica. A menos que se defina lo contrario en esta Pol\u00edtica de Privacidad, los t\u00e9rminos utilizados en esta Pol\u00edtica de Privacidad tienen el mismo significado que en nuestros T\u00e9rminos y Condiciones, accesibles desde www.fortyindustries.com<\/p>\n<h2>Recopilaci\u00f3n y uso de informaci\u00f3n<\/h2>\n<p>Recopilamos varios tipos diferentes de informaci\u00f3n para diversos fines para brindarle y mejorar nuestro Servicio.<\/p>\n<h3>Tipos de datos recopilados<\/h3>\n<h4>Datos Personales<\/h4>\n<p>Mientras utilizamos nuestro Servicio, es posible que le solicitemos que nos proporcione cierta informaci\u00f3n de identificaci\u00f3n personal que pueda usarse para contactarlo o identificarlo (\u00abDatos personales\u00bb). La informaci\u00f3n de identificaci\u00f3n personal puede incluir, entre otros:<\/p>\n<ul>\n<li>Direcci\u00f3n de correo electr\u00f3nico<\/li>\n<li>Nombre y apellido<\/li>\n<li>Cookies y datos de uso<\/li>\n<\/ul>\n<h4>Datos de uso<\/h4>\n<p>Tambi\u00e9n podemos recopilar informaci\u00f3n sobre c\u00f3mo se accede y utiliza el Servicio (\u00abDatos de uso\u00bb). Estos Datos de uso pueden incluir informaci\u00f3n como la direcci\u00f3n de Protocolo de Internet de su computadora (por ejemplo, direcci\u00f3n IP), tipo de navegador, versi\u00f3n del navegador, las p\u00e1ginas de nuestro Servicio que visita, la hora y fecha de su visita, el tiempo dedicado a esas p\u00e1ginas, informaci\u00f3n \u00fanica identificadores de dispositivos y otros datos de diagn\u00f3stico.<\/p>\n<h4>Seguimiento y seguimiento datos de cookies<\/h4>\n<p>Utilizamos cookies y tecnolog\u00edas de seguimiento similares para rastrear la actividad en nuestro Servicio y conservar cierta informaci\u00f3n.<\/p>\n<p>Las cookies son archivos con una peque\u00f1a cantidad de datos que pueden incluir un identificador \u00fanico an\u00f3nimo. Las cookies se env\u00edan a su navegador desde un sitio web y se almacenan en su dispositivo. Las tecnolog\u00edas de seguimiento que tambi\u00e9n se utilizan son balizas, etiquetas y scripts para recopilar y rastrear informaci\u00f3n y mejorar y analizar nuestro Servicio.<\/p>\n<p>Puede indicarle a su navegador que rechace todas las cookies o que indique cu\u00e1ndo se env\u00eda una cookie. Sin embargo, si no acepta las cookies, es posible que no pueda utilizar algunas partes de nuestro Servicio.<\/p>\n<p>Ejemplos de cookies que utilizamos:<\/p>\n<ul>\n<li><strong>Cookies de sesi\u00f3n.<\/strong> Utilizamos cookies de sesi\u00f3n para operar nuestro Servicio.<\/li>\n<li><strong>Cookies de preferencias.<\/strong> Utilizamos cookies de preferencias para recordar sus preferencias y diversas configuraciones.<\/li>\n<li><strong>Cookies de seguridad.<\/strong> Utilizamos cookies de seguridad por motivos de seguridad.<\/li>\n<\/ul>\n<h2>Uso de datos<\/h2>\n<p>Forty Industries utiliza los datos recopilados para diversas finalidades:<\/p>\n<ul>\n<li>Para proporcionar y mantener el Servicio<\/li>\n<li>Para notificarle sobre cambios en nuestro Servicio<\/li>\n<li>Para permitirle participar en funciones interactivas de nuestro Servicio cuando usted elija hacerlo<\/li>\n<li>Para brindar atenci\u00f3n y soporte al cliente<\/li>\n<li>Para proporcionar an\u00e1lisis o informaci\u00f3n valiosa para que podamos mejorar el Servicio<\/li>\n<li>Para monitorear el uso del Servicio<\/li>\n<li>Detectar, prevenir y abordar problemas t\u00e9cnicos<\/li>\n<\/ul>\n<h2>Transferencia de datos<\/h2>\n<p>Su informaci\u00f3n, incluidos sus datos personales, puede transferirse y mantenerse en computadoras ubicadas fuera de su estado, provincia, pa\u00eds u otra jurisdicci\u00f3n gubernamental donde las leyes de protecci\u00f3n de datos pueden diferir de las de su jurisdicci\u00f3n.<\/p>\n<p>Si se encuentra fuera de Espa\u00f1a y decide proporcionarnos informaci\u00f3n, tenga en cuenta que transferimos los datos, incluidos los datos personales, a Espa\u00f1a y los procesamos all\u00ed.<\/p>\n<p>Su consentimiento a esta Pol\u00edtica de Privacidad seguido del env\u00edo de dicha informaci\u00f3n representa su aceptaci\u00f3n de dicha transferencia.<\/p>\n<p>Forty Industries tomar\u00e1 todas las medidas razonablemente necesarias para garantizar que sus datos se traten de forma segura y de acuerdo con esta Pol\u00edtica de privacidad y no se realizar\u00e1 ninguna transferencia de sus datos personales a una organizaci\u00f3n o pa\u00eds a menos que existan controles adecuados establecidos, incluidos la seguridad de sus datos y otra informaci\u00f3n personal.<\/p>\n<h2>Divulgaci\u00f3n de datos<\/h2>\n<h3>Requisitos legales<\/h3>\n<p>Forty Industries puede divulgar sus Datos personales de buena fe cuando considere que dicha acci\u00f3n es necesaria para:<\/p>\n<ul>\n<li>Para cumplir con una obligaci\u00f3n legal<\/li>\n<li>Para proteger y defender los derechos o propiedad de Forty Industries<\/li>\n<li>Para prevenir o investigar posibles irregularidades en relaci\u00f3n con el Servicio<\/li>\n<li>Para proteger la seguridad personal de los usuarios del Servicio o del p\u00fablico<\/li>\n<li>Para proteger contra responsabilidad legal<\/li>\n<\/ul>\n<h2>Seguridad de los datos<\/h2>\n<p>La seguridad de sus datos es importante para nosotros, pero recuerde que ning\u00fan m\u00e9todo de transmisi\u00f3n a trav\u00e9s de Internet o m\u00e9todo de almacenamiento electr\u00f3nico es 100% seguro. Si bien nos esforzamos por utilizar medios comercialmente aceptables para proteger sus Datos personales, no podemos garantizar su seguridad absoluta.<\/p>\n<h2>Proveedores de servicios<\/h2>\n<p>Podemos emplear empresas e individuos de terceros para facilitar nuestro Servicio (\u00abProveedores de servicios\u00bb), para proporcionar el Servicio en nuestro nombre, para realizar servicios relacionados con el Servicio o para ayudarnos a analizar c\u00f3mo se utiliza nuestro Servicio.&lt;\/ p&gt;<\/p>\n<p>Estos terceros tienen acceso a sus Datos personales solo para realizar estas tareas en nuestro nombre y est\u00e1n obligados a no divulgarlos ni utilizarlos para ning\u00fan otro prop\u00f3sito.<\/p>\n<h2>Enlaces a otros sitios<\/h2>\n<p>Nuestro Servicio puede contener enlaces a otros sitios que no son operados por nosotros. Si hace clic en un enlace de un tercero, ser\u00e1 dirigido al sitio de ese tercero. Le recomendamos encarecidamente que revise la Pol\u00edtica de privacidad de cada sitio que visite.<\/p>\n<p>No tenemos control ni asumimos ninguna responsabilidad por el contenido, las pol\u00edticas de privacidad o las pr\u00e1cticas de sitios o servicios de terceros.<\/p>\n<h2>Privacidad de los ni\u00f1os<\/h2>\n<p>Nuestro Servicio no est\u00e1 dirigido a personas menores de 18 a\u00f1os (\u00abNi\u00f1os\u00bb).<\/p>\n<p>No recopilamos intencionalmente informaci\u00f3n de identificaci\u00f3n personal de ninguna persona menor de 18 a\u00f1os. Si usted es padre o tutor y sabe que sus hijos nos han proporcionado datos personales, comun\u00edquese con nosotros. Si nos damos cuenta de que hemos recopilado datos personales de ni\u00f1os sin verificaci\u00f3n del consentimiento de los padres, tomamos medidas para eliminar esa informaci\u00f3n de nuestros servidores.<\/p>\n<h2>Cambios en esta pol\u00edtica de privacidad<\/h2>\n<p>Podemos actualizar nuestra Pol\u00edtica de Privacidad de vez en cuando. Le notificaremos cualquier cambio publicando la nueva Pol\u00edtica de Privacidad en esta p\u00e1gina.<\/p>\n<p>Le informaremos por correo electr\u00f3nico y\/o un aviso destacado en nuestro Servicio, antes de que el cambio entre en vigor y actualizaremos la \u00abfecha de entrada en vigor\u00bb en la parte superior de esta Pol\u00edtica de Privacidad.<\/p>\n<p>Se recomienda revisar esta Pol\u00edtica de Privacidad peri\u00f3dicamente para detectar cualquier cambio. Los cambios a esta Pol\u00edtica de Privacidad entran en vigencia cuando se publican en esta p\u00e1gina.<\/p>\n<h2>Cont\u00e1ctanos<\/h2>\n<p>Si tiene alguna pregunta sobre esta Pol\u00edtica de Privacidad, comun\u00edquese con nosotros:<\/p>\n<ul>\n<li>By sending us an email to: info@fortyindustries.com<\/li>\n<\/ul>\n<\/div>\n<\/div>\n<\/div>\n<\/div>\n<\/div>\n<p>\u00a0<\/p>\n<\/p>\n<\/div>\n<\/div><\/div>\n<\/div>\n<\/div>\n<\/div>\n<\/div>\n<\/div>\n\n","protected":false},"excerpt":{"rendered":"","protected":false},"author":1,"featured_media":0,"parent":0,"menu_order":0,"comment_status":"closed","ping_status":"open","template":"","meta":{"rank_math_lock_modified_date":false,"footnotes":""},"_links":{"self":[{"href":"https:\/\/fortyindustries.com\/es\/wp-json\/wp\/v2\/pages\/3"}],"collection":[{"href":"https:\/\/fortyindustries.com\/es\/wp-json\/wp\/v2\/pages"}],"about":[{"href":"https:\/\/fortyindustries.com\/es\/wp-json\/wp\/v2\/types\/page"}],"author":[{"embeddable":true,"href":"https:\/\/fortyindustries.com\/es\/wp-json\/wp\/v2\/users\/1"}],"replies":[{"embeddable":true,"href":"https:\/\/fortyindustries.com\/es\/wp-json\/wp\/v2\/comments?post=3"}],"version-history":[{"count":8,"href":"https:\/\/fortyindustries.com\/es\/wp-json\/wp\/v2\/pages\/3\/revisions"}],"predecessor-version":[{"id":4083,"href":"https:\/\/fortyindustries.com\/es\/wp-json\/wp\/v2\/pages\/3\/revisions\/4083"}],"wp:attachment":[{"href":"https:\/\/fortyindustries.com\/es\/wp-json\/wp\/v2\/media?parent=3"}],"curies":[{"name":"wp","href":"https:\/\/api.w.org\/{rel}","templated":true}]}}