{"id":186,"date":"2018-12-11T08:52:36","date_gmt":"2018-12-11T08:52:36","guid":{"rendered":"http:\/\/template-new.template.cmsmasters.net\/?page_id=186"},"modified":"2023-12-21T11:44:25","modified_gmt":"2023-12-21T10:44:25","slug":"noticias-2","status":"publish","type":"page","link":"https:\/\/fortyindustries.com\/es\/noticias-2\/","title":{"rendered":"News"},"content":{"rendered":"<div id=\"cmsmasters_row_b48ef319ff\" class=\"cmsmasters_row cmsmasters_color_scheme_default cmsmasters_row_top_default cmsmasters_row_bot_default cmsmasters_row_boxed\">\n<div class=\"cmsmasters_row_outer_parent\">\n<div class=\"cmsmasters_row_outer\">\n<div class=\"cmsmasters_row_inner\">\n<div class=\"cmsmasters_row_margin\">\n<div id=\"cmsmasters_column_80fc00c9a3\" class=\"cmsmasters_column one_first\">\n<div class=\"cmsmasters_column_inner\">\n<div id=\"blog_d0d0d42a54\" class=\"cmsmasters_wrap_blog entry-summary\" data-layout=\"standard\" data-layout-mode=\"\" data-url=\"https:\/\/fortyindustries.com\/es\/wp-content\/plugins\/cmsmasters-content-composer\/\" data-orderby=\"date\" data-order=\"DESC\" data-count=\"1000\" data-categories=\"construction,ingenieria,industrial,noticias,rail\" data-metadata=\"more\" data-pagination=\"more\"><div class=\"blog standard\"><!-- Start Post Default Article -->\r\n<article id=\"post-4115\" class=\"cmsmasters_post_default post-4115 post type-post status-publish format-standard has-post-thumbnail hentry category-ingenieria\">\r\n\t<div class=\"cmsmasters_post_cont standard\">\r\n\t\t<figure class=\"cmsmasters_img_wrap\"><a href=\"https:\/\/fortyindustries.com\/es\/entregado-con-exito-un-locotractor-de-beaz-solutions-a-ferrocarrils-de-la-generalitat-de-catalunya\/\" title=\"Entregado un locotractor de Beaz Solutions a Ferrocarrils de la Generalitat de Catalunya\" class=\"cmsmasters_img_link\"><img loading=\"lazy\" decoding=\"async\" width=\"860\" height=\"530\" src=\"https:\/\/fortyindustries.com\/es\/wp-content\/uploads\/sites\/2\/2024\/09\/Beaz-FGC-860x530-1.jpg\" class=\" wp-post-image\" alt=\"Entregado un locotractor de Beaz Solutions a Ferrocarrils de la Generalitat de Catalunya\" title=\"Beaz-FGC-860x530\" srcset=\"https:\/\/fortyindustries.com\/es\/wp-content\/uploads\/sites\/2\/2024\/09\/Beaz-FGC-860x530-1.jpg 860w, https:\/\/fortyindustries.com\/es\/wp-content\/uploads\/sites\/2\/2024\/09\/Beaz-FGC-860x530-1-300x185.jpg 300w, https:\/\/fortyindustries.com\/es\/wp-content\/uploads\/sites\/2\/2024\/09\/Beaz-FGC-860x530-1-768x473.jpg 768w, https:\/\/fortyindustries.com\/es\/wp-content\/uploads\/sites\/2\/2024\/09\/Beaz-FGC-860x530-1-580x357.jpg 580w\" sizes=\"(max-width: 860px) 100vw, 860px\" \/><\/a><\/figure>\t\t<div class=\"cmsmasters_post_cont_inner\">\r\n\t\t\t<div class=\"cmsmasters_post_cont_inner_dot\"><\/div><header class=\"cmsmasters_post_header entry-header\"><h2 class=\"cmsmasters_post_title entry-title\"><a href=\"https:\/\/fortyindustries.com\/es\/entregado-con-exito-un-locotractor-de-beaz-solutions-a-ferrocarrils-de-la-generalitat-de-catalunya\/\">Entregado un locotractor de Beaz Solutions a Ferrocarrils de la Generalitat de Catalunya<\/a><\/h2><\/header><div class=\"cmsmasters_post_content entry-content\">\n<p>Forty Industries ha entregado con \u00e9xito un locotractor BRR-3000 a bater\u00eda del fabricante Beaz Solutions al taller de Ferrocarrils de la Generalitat de Catalunya - COM Martorell.<\/p>\n<\/div>\n<footer class=\"cmsmasters_post_footer entry-meta\"><div class=\"cmsmasters_post_read_more_wrap\"><a class=\"cmsmasters_post_read_more\" href=\"https:\/\/fortyindustries.com\/es\/entregado-con-exito-un-locotractor-de-beaz-solutions-a-ferrocarrils-de-la-generalitat-de-catalunya\/\">Leer m\u00e1s<\/a><\/div><\/footer>\t\t<\/div>\r\n\t<\/div>\r\n<\/article>\r\n<!-- Finish Post Default Article -->\r\n\r\n<!-- Start Post Default Article -->\r\n<article id=\"post-3945\" class=\"cmsmasters_post_default post-3945 post type-post status-publish format-standard has-post-thumbnail hentry category-ingenieria\">\r\n\t<div class=\"cmsmasters_post_cont standard\">\r\n\t\t<figure class=\"cmsmasters_img_wrap\"><a href=\"https:\/\/fortyindustries.com\/es\/deutsche-bahn-and-vossloh-rail-services-grinding-amolado-adif\/\" title=\"Deutsche Bahn y Vossloh Rail Services ampl\u00edan su cooperaci\u00f3n en materia de mantenimiento ferroviario preventivo para el pr\u00f3ximo a\u00f1o\" class=\"cmsmasters_img_link\"><img loading=\"lazy\" decoding=\"async\" width=\"860\" height=\"530\" src=\"https:\/\/fortyindustries.com\/es\/wp-content\/uploads\/sites\/2\/2023\/09\/1694514269808-860x530.jpeg\" class=\" wp-post-image\" alt=\"HSG\" title=\"1694514269808\" \/><\/a><\/figure>\t\t<div class=\"cmsmasters_post_cont_inner\">\r\n\t\t\t<div class=\"cmsmasters_post_cont_inner_dot\"><\/div><header class=\"cmsmasters_post_header entry-header\"><h2 class=\"cmsmasters_post_title entry-title\"><a href=\"https:\/\/fortyindustries.com\/es\/deutsche-bahn-and-vossloh-rail-services-grinding-amolado-adif\/\">Deutsche Bahn y Vossloh Rail Services ampl\u00edan su cooperaci\u00f3n en materia de mantenimiento ferroviario preventivo para el pr\u00f3ximo a\u00f1o<\/a><\/h2><\/header><div class=\"cmsmasters_post_content entry-content\">\n<p>DB Netz AG ha ampliado el mantenimiento de al menos 13.000 km de su red de alto rendimiento hasta 2024 con el amolado de alta velocidad. Esta tecnolog\u00eda, con una velocidad de trabajo de hasta 80 km\/h y sin cierres de v\u00eda, es ofrecida en exclusiva por Vossloh en todo el mundo para prevenir defectos en los carriles y prolongar su vida \u00fatil. El contrato marco tambi\u00e9n incluye el registro digital y el an\u00e1lisis del estado de los carriles para un mantenimiento basado en la condici\u00f3n.<\/p>\n<\/div>\n<footer class=\"cmsmasters_post_footer entry-meta\"><div class=\"cmsmasters_post_read_more_wrap\"><a class=\"cmsmasters_post_read_more\" href=\"https:\/\/fortyindustries.com\/es\/deutsche-bahn-and-vossloh-rail-services-grinding-amolado-adif\/\">Leer m\u00e1s<\/a><\/div><\/footer>\t\t<\/div>\r\n\t<\/div>\r\n<\/article>\r\n<!-- Finish Post Default Article -->\r\n\r\n<!-- Start Post Default Article -->\r\n<article id=\"post-3930\" class=\"cmsmasters_post_default post-3930 post type-post status-publish format-standard has-post-thumbnail hentry category-ingenieria\">\r\n\t<div class=\"cmsmasters_post_cont standard\">\r\n\t\t<figure class=\"cmsmasters_img_wrap\"><a href=\"https:\/\/fortyindustries.com\/es\/news_flexis_figueresperpignan\/\" title=\"Flexis en la l\u00ednea de alta velocidad Figueres Perpi\u00f1\u00e1n\" class=\"cmsmasters_img_link\"><img loading=\"lazy\" decoding=\"async\" width=\"860\" height=\"530\" src=\"https:\/\/fortyindustries.com\/es\/wp-content\/uploads\/sites\/2\/2021\/11\/Vossloh-Flexis-1-860x530.jpg\" class=\" wp-post-image\" alt=\"Vossloh Flexis\" title=\"Vossloh Flexis\" \/><\/a><\/figure>\t\t<div class=\"cmsmasters_post_cont_inner\">\r\n\t\t\t<div class=\"cmsmasters_post_cont_inner_dot\"><\/div><header class=\"cmsmasters_post_header entry-header\"><h2 class=\"cmsmasters_post_title entry-title\"><a href=\"https:\/\/fortyindustries.com\/es\/news_flexis_figueresperpignan\/\">Flexis en la l\u00ednea de alta velocidad Figueres Perpi\u00f1\u00e1n<\/a><\/h2><\/header><div class=\"cmsmasters_post_content entry-content\">\n<p>El equipo Flexis de Vossloh Rail Services disfrut\u00f3 de un fant\u00e1stico tiempo de trabajo en la L\u00ednea de Alta Velocidad Figueres Perpignan.<\/p>\n<\/div>\n<footer class=\"cmsmasters_post_footer entry-meta\"><div class=\"cmsmasters_post_read_more_wrap\"><a class=\"cmsmasters_post_read_more\" href=\"https:\/\/fortyindustries.com\/es\/news_flexis_figueresperpignan\/\">Leer m\u00e1s<\/a><\/div><\/footer>\t\t<\/div>\r\n\t<\/div>\r\n<\/article>\r\n<!-- Finish Post Default Article -->\r\n\r\n<!-- Start Post Default Article -->\r\n<article id=\"post-3734\" class=\"cmsmasters_post_default post-3734 post type-post status-publish format-standard has-post-thumbnail hentry category-ingenieria\">\r\n\t<div class=\"cmsmasters_post_cont standard\">\r\n\t\t<figure class=\"cmsmasters_img_wrap\"><a href=\"https:\/\/fortyindustries.com\/es\/smart-tamping-with-the-universal-tamper-4-0-from-system7\/\" title=\"Bateo inteligente con el Universal Tamper 4.0 de System7\" class=\"cmsmasters_img_link\"><img loading=\"lazy\" decoding=\"async\" width=\"860\" height=\"530\" src=\"https:\/\/fortyindustries.com\/es\/wp-content\/uploads\/sites\/2\/2019\/09\/system7-forty-industries_5-860x530.jpg\" class=\" wp-post-image\" alt=\"Proveedor para la industria ferroviaria\" title=\"system7-forty-industries_5\" \/><\/a><\/figure>\t\t<div class=\"cmsmasters_post_cont_inner\">\r\n\t\t\t<div class=\"cmsmasters_post_cont_inner_dot\"><\/div><header class=\"cmsmasters_post_header entry-header\"><h2 class=\"cmsmasters_post_title entry-title\"><a href=\"https:\/\/fortyindustries.com\/es\/smart-tamping-with-the-universal-tamper-4-0-from-system7\/\">Bateo inteligente con el Universal Tamper 4.0 de System7<\/a><\/h2><\/header><div class=\"cmsmasters_post_content entry-content\">\n<p>Las bateadoras y los agregados bateadores de System7 han sido dise\u00f1ados para un uso intuitivo y garantizan una compactaci\u00f3n \u00f3ptima en cualquier momento.<\/p>\n<\/div>\n<footer class=\"cmsmasters_post_footer entry-meta\"><div class=\"cmsmasters_post_read_more_wrap\"><a class=\"cmsmasters_post_read_more\" href=\"https:\/\/fortyindustries.com\/es\/smart-tamping-with-the-universal-tamper-4-0-from-system7\/\">Leer m\u00e1s<\/a><\/div><\/footer>\t\t<\/div>\r\n\t<\/div>\r\n<\/article>\r\n<!-- Finish Post Default Article -->\r\n\r\n<!-- Start Post Default Article -->\r\n<article id=\"post-390\" class=\"cmsmasters_post_default post-390 post type-post status-publish format-standard has-post-thumbnail hentry category-rail\">\r\n\t<div class=\"cmsmasters_post_cont standard\">\r\n\t\t<figure class=\"cmsmasters_img_wrap\"><a href=\"https:\/\/fortyindustries.com\/es\/vossloh-hsg-2\/\" title=\"Vossloh HSG-2\" class=\"cmsmasters_img_link\"><img loading=\"lazy\" decoding=\"async\" width=\"860\" height=\"530\" src=\"https:\/\/fortyindustries.com\/es\/wp-content\/uploads\/sites\/2\/2019\/01\/forty-ind-vossloh-hsg-860x530.jpg\" class=\" wp-post-image\" alt=\"Vossloh HSG\" title=\"Vossloh HSG 2 in Berlin Messe S\u00fcd (Eichkamp)\" \/><\/a><\/figure>\t\t<div class=\"cmsmasters_post_cont_inner\">\r\n\t\t\t<div class=\"cmsmasters_post_cont_inner_dot\"><\/div><header class=\"cmsmasters_post_header entry-header\"><h2 class=\"cmsmasters_post_title entry-title\"><a href=\"https:\/\/fortyindustries.com\/es\/vossloh-hsg-2\/\">Vossloh HSG-2<\/a><\/h2><\/header><div class=\"cmsmasters_post_content entry-content\">\n<p>Mantenimiento ferroviario sincronizado dentro del horario: mantenimiento inteligente y preventivo mediante tren de Rectificado de Alta Velocidad Vossloh HSG-2.<\/p>\n<\/div>\n<footer class=\"cmsmasters_post_footer entry-meta\"><div class=\"cmsmasters_post_read_more_wrap\"><a class=\"cmsmasters_post_read_more\" href=\"https:\/\/fortyindustries.com\/es\/vossloh-hsg-2\/\">Leer m\u00e1s<\/a><\/div><\/footer>\t\t<\/div>\r\n\t<\/div>\r\n<\/article>\r\n<!-- Finish Post Default Article -->\r\n\r\n<!-- Start Post Default Article -->\r\n<article id=\"post-216\" class=\"cmsmasters_post_default post-216 post type-post status-publish format-standard has-post-thumbnail hentry category-rail\">\r\n\t<div class=\"cmsmasters_post_cont standard\">\r\n\t\t<figure class=\"cmsmasters_img_wrap\"><a href=\"https:\/\/fortyindustries.com\/es\/vossloh-hsg-city\/\" title=\"Vossloh HSG-city\" class=\"cmsmasters_img_link\"><img loading=\"lazy\" decoding=\"async\" width=\"860\" height=\"530\" src=\"https:\/\/fortyindustries.com\/es\/wp-content\/uploads\/sites\/2\/2018\/12\/forty-ind-vossloh-hsg-city-860x530.jpg\" class=\" wp-post-image\" alt=\"Vossloh HSG-city\" title=\"forty-ind-vossloh-hsg-city\" \/><\/a><\/figure>\t\t<div class=\"cmsmasters_post_cont_inner\">\r\n\t\t\t<div class=\"cmsmasters_post_cont_inner_dot\"><\/div><header class=\"cmsmasters_post_header entry-header\"><h2 class=\"cmsmasters_post_title entry-title\"><a href=\"https:\/\/fortyindustries.com\/es\/vossloh-hsg-city\/\">Vossloh HSG-city<\/a><\/h2><\/header><div class=\"cmsmasters_post_content entry-content\">\n<p>Flexible. R\u00e1pido. Inteligente. La Vossloh HSG-city es actualmente la rectificadora m\u00e1s r\u00e1pida del mercado para v\u00edas ligeras y cortas.<\/p>\n<\/div>\n<footer class=\"cmsmasters_post_footer entry-meta\"><div class=\"cmsmasters_post_read_more_wrap\"><a class=\"cmsmasters_post_read_more\" href=\"https:\/\/fortyindustries.com\/es\/vossloh-hsg-city\/\">Leer m\u00e1s<\/a><\/div><\/footer>\t\t<\/div>\r\n\t<\/div>\r\n<\/article>\r\n<!-- Finish Post Default Article -->\r\n\r\n<!-- Start Post Default Article -->\r\n<article id=\"post-217\" class=\"cmsmasters_post_default post-217 post type-post status-publish format-standard has-post-thumbnail hentry category-noticias\">\r\n\t<div class=\"cmsmasters_post_cont standard\">\r\n\t\t<figure class=\"cmsmasters_img_wrap\"><a href=\"https:\/\/fortyindustries.com\/es\/innotrans-2018-berlin\/\" title=\"Innotrans 2018 | Berlin\" class=\"cmsmasters_img_link\"><img loading=\"lazy\" decoding=\"async\" width=\"860\" height=\"530\" src=\"https:\/\/fortyindustries.com\/es\/wp-content\/uploads\/sites\/2\/2018\/12\/innotrans-2018-860x530.jpg\" class=\" wp-post-image\" alt=\"Innotrans 2018 | Berlin\" title=\"innotrans-2018\" \/><\/a><\/figure>\t\t<div class=\"cmsmasters_post_cont_inner\">\r\n\t\t\t<div class=\"cmsmasters_post_cont_inner_dot\"><\/div><header class=\"cmsmasters_post_header entry-header\"><h2 class=\"cmsmasters_post_title entry-title\"><a href=\"https:\/\/fortyindustries.com\/es\/innotrans-2018-berlin\/\">Innotrans 2018 | Berlin<\/a><\/h2><\/header><div class=\"cmsmasters_post_content entry-content\">\n<p>Del 18 al 21 de septiembre estaremos con nuestros socios en Innotrans en Berl\u00edn. La feria ferroviaria m\u00e1s grande del mundo mostrar\u00e1 innovaciones, productos y servicios que pueden ser de su inter\u00e9s.<\/p>\n<\/div>\n<footer class=\"cmsmasters_post_footer entry-meta\"><div class=\"cmsmasters_post_read_more_wrap\"><a class=\"cmsmasters_post_read_more\" href=\"https:\/\/fortyindustries.com\/es\/innotrans-2018-berlin\/\">Leer m\u00e1s<\/a><\/div><\/footer>\t\t<\/div>\r\n\t<\/div>\r\n<\/article>\r\n<!-- Finish Post Default Article -->\r\n\r\n<\/div><div class=\"cmsmasters_wrap_more_posts cmsmasters_wrap_more_items\"><\/div><\/div>\n<\/div><\/div>\n<\/div>\n<\/div>\n<\/div>\n<\/div>\n<\/div>\n<div id=\"cmsmasters_row_scms9egve\" class=\"cmsmasters_row cmsmasters_color_scheme_default cmsmasters_row_top_default cmsmasters_row_bot_default cmsmasters_row_boxed\">\n<div class=\"cmsmasters_row_outer_parent\">\n<div class=\"cmsmasters_row_outer\">\n<div class=\"cmsmasters_row_inner\">\n<div class=\"cmsmasters_row_margin\">\n<div id=\"cmsmasters_column_xp58qojum\" class=\"cmsmasters_column one_first\">\n<div class=\"cmsmasters_column_inner\"><\/div><\/div>\n<\/div>\n<\/div>\n<\/div>\n<\/div>\n<\/div>\n<div id=\"cmsmasters_row_57n4nntr11\" class=\"cmsmasters_row cmsmasters_color_scheme_default cmsmasters_row_top_default cmsmasters_row_bot_default cmsmasters_row_boxed\">\n<div class=\"cmsmasters_row_outer_parent\">\n<div class=\"cmsmasters_row_outer\">\n<div class=\"cmsmasters_row_inner\">\n<div class=\"cmsmasters_row_margin\">\n<div id=\"cmsmasters_column_5hhkm5wf5\" class=\"cmsmasters_column one_first\">\n<div class=\"cmsmasters_column_inner\"><\/div><\/div>\n<\/div>\n<\/div>\n<\/div>\n<\/div>\n<\/div>\n\n","protected":false},"excerpt":{"rendered":"","protected":false},"author":1,"featured_media":0,"parent":0,"menu_order":0,"comment_status":"closed","ping_status":"closed","template":"","meta":{"rank_math_lock_modified_date":false,"footnotes":""},"_links":{"self":[{"href":"https:\/\/fortyindustries.com\/es\/wp-json\/wp\/v2\/pages\/186"}],"collection":[{"href":"https:\/\/fortyindustries.com\/es\/wp-json\/wp\/v2\/pages"}],"about":[{"href":"https:\/\/fortyindustries.com\/es\/wp-json\/wp\/v2\/types\/page"}],"author":[{"embeddable":true,"href":"https:\/\/fortyindustries.com\/es\/wp-json\/wp\/v2\/users\/1"}],"replies":[{"embeddable":true,"href":"https:\/\/fortyindustries.com\/es\/wp-json\/wp\/v2\/comments?post=186"}],"version-history":[{"count":14,"href":"https:\/\/fortyindustries.com\/es\/wp-json\/wp\/v2\/pages\/186\/revisions"}],"predecessor-version":[{"id":4021,"href":"https:\/\/fortyindustries.com\/es\/wp-json\/wp\/v2\/pages\/186\/revisions\/4021"}],"wp:attachment":[{"href":"https:\/\/fortyindustries.com\/es\/wp-json\/wp\/v2\/media?parent=186"}],"curies":[{"name":"wp","href":"https:\/\/api.w.org\/{rel}","templated":true}]}}